{"id":19705,"date":"2023-10-24T14:56:35","date_gmt":"2023-10-24T14:56:35","guid":{"rendered":"https:\/\/iskam-auto.com\/?page_id=19705"},"modified":"2024-05-24T23:13:20","modified_gmt":"2024-05-24T23:13:20","slug":"a-propos","status":"publish","type":"page","link":"https:\/\/iskam-auto.com\/index.php\/a-propos\/","title":{"rendered":"A propos"},"content":{"rendered":"\t\t<div data-elementor-type=\"wp-page\" data-elementor-id=\"19705\" class=\"elementor elementor-19705\">\n\t\t\t\t\t\t<section class=\"elementor-section elementor-top-section elementor-element elementor-element-2cbfd54 elementor-section-boxed elementor-section-height-default elementor-section-height-default\" data-id=\"2cbfd54\" data-element_type=\"section\">\n\t\t\t\t\t\t<div class=\"elementor-container elementor-column-gap-default\">\n\t\t\t\t\t<div class=\"elementor-column elementor-col-100 elementor-top-column elementor-element elementor-element-9aca73f\" data-id=\"9aca73f\" data-element_type=\"column\">\n\t\t\t<div class=\"elementor-widget-wrap elementor-element-populated\">\n\t\t\t\t\t\t<div class=\"elementor-element elementor-element-a49e36a elementor-widget elementor-widget-heading\" data-id=\"a49e36a\" data-element_type=\"widget\" data-widget_type=\"heading.default\">\n\t\t\t\t<div class=\"elementor-widget-container\">\n\t\t\t<h2 class=\"elementor-heading-title elementor-size-default\">ISKAM AUTO<\/h2>\t\t<\/div>\n\t\t\t\t<\/div>\n\t\t\t\t\t<\/div>\n\t\t<\/div>\n\t\t\t\t\t<\/div>\n\t\t<\/section>\n\t\t\t\t<section class=\"elementor-section elementor-top-section elementor-element elementor-element-d25c3ac elementor-section-boxed elementor-section-height-default elementor-section-height-default\" data-id=\"d25c3ac\" data-element_type=\"section\">\n\t\t\t\t\t\t<div class=\"elementor-container elementor-column-gap-default\">\n\t\t\t\t\t<div class=\"elementor-column elementor-col-100 elementor-top-column elementor-element elementor-element-4d457d4\" data-id=\"4d457d4\" data-element_type=\"column\">\n\t\t\t<div class=\"elementor-widget-wrap elementor-element-populated\">\n\t\t\t\t\t\t<div class=\"elementor-element elementor-element-992a0a4 elementor-widget elementor-widget-text-editor\" data-id=\"992a0a4\" data-element_type=\"widget\" data-widget_type=\"text-editor.default\">\n\t\t\t\t<div class=\"elementor-widget-container\">\n\t\t\t\t\t\t\t<p>Notre histoire commence avec deux fr\u00e8res aux horizons professionnels bien diff\u00e9rents, mais un r\u00eave commun de cr\u00e9er une entreprise exceptionnelle. L&#8217;un, fort d&#8217;une exp\u00e9rience solide dans le monde des affaires, s&#8217;est sp\u00e9cialis\u00e9 dans l&#8217;import- export, tandis que l&#8217;autre est un ing\u00e9nieur en g\u00e9nie des proc\u00e9d\u00e9s \u00e9nerg\u00e9tiques passionn\u00e9 par l&#8217;innovation.<\/p><p>En 2022, ces deux esprits visionnaires ont uni leurs forces pour donner naissance \u00e0 une entreprise unique en son genre. C&#8217;est ainsi que <b>ISKAM AUTO<\/b> est n\u00e9e, une soci\u00e9t\u00e9 sp\u00e9cialis\u00e9e dans l&#8217;importation de v\u00e9hicules et d&#8217;accessoires automobiles de haute qualit\u00e9, en provenance des quatre coins du monde.<\/p><p>Notre mission est simple, mais puissante :<\/p><p><span class=\"Apple-converted-space\">\u00a0<\/span>Nous nous engageons \u00e0 mettre \u00e0 la disposition de nos clients les v\u00e9hicules et les accessoires les plus exceptionnels du march\u00e9. Pour y parvenir, nous nous approvisionnons en produits de premi\u00e8re qualit\u00e9 en Europe, aux \u00c9tats-Unis, au Canada, en Turquie, au Royaume-Uni, en Chine, et \u00e0 Duba\u00ef, avant de les importer dans toute l&#8217;Afrique subsaharienne.<\/p>\t\t\t\t\t\t<\/div>\n\t\t\t\t<\/div>\n\t\t\t\t\t<\/div>\n\t\t<\/div>\n\t\t\t\t\t<\/div>\n\t\t<\/section>\n\t\t\t\t<section class=\"elementor-section elementor-top-section elementor-element elementor-element-3449d9b elementor-section-boxed elementor-section-height-default elementor-section-height-default\" data-id=\"3449d9b\" data-element_type=\"section\">\n\t\t\t\t\t\t<div class=\"elementor-container elementor-column-gap-default\">\n\t\t\t\t\t<div class=\"elementor-column elementor-col-100 elementor-top-column elementor-element elementor-element-b5c7608\" data-id=\"b5c7608\" data-element_type=\"column\">\n\t\t\t<div class=\"elementor-widget-wrap elementor-element-populated\">\n\t\t\t\t\t\t<div class=\"elementor-element elementor-element-3954e5f elementor-widget elementor-widget-text-editor\" data-id=\"3954e5f\" data-element_type=\"widget\" data-widget_type=\"text-editor.default\">\n\t\t\t\t<div class=\"elementor-widget-container\">\n\t\t\t\t\t\t\t<p><i>CHEZ <\/i><b><i>ISKAM AUTO<\/i><\/b><i>, vous y trouverez\u00a0:<\/i><\/p><ul><li>Des camions tracteurs de toute marque \u00e0 savoir\u00a0: DAF, Renault, Mercedes, Volvo , Scania etc.<\/li><li>Des voitures de haute qualit\u00e9<span class=\"Apple-converted-space\">\u00a0 <\/span>des marques europ\u00e9enne, asiatique et am\u00e9ricaine<span class=\"Apple-converted-space\">\u00a0<\/span><\/li><li>Les pi\u00e8ces d\u00e9tach\u00e9es pour tout type de v\u00e9hicule .<\/li><\/ul>\t\t\t\t\t\t<\/div>\n\t\t\t\t<\/div>\n\t\t\t\t\t<\/div>\n\t\t<\/div>\n\t\t\t\t\t<\/div>\n\t\t<\/section>\n\t\t\t\t<section class=\"elementor-section elementor-top-section elementor-element elementor-element-f53c765 elementor-section-boxed elementor-section-height-default elementor-section-height-default\" data-id=\"f53c765\" data-element_type=\"section\">\n\t\t\t\t\t\t<div class=\"elementor-container elementor-column-gap-default\">\n\t\t\t\t\t<div class=\"elementor-column elementor-col-100 elementor-top-column elementor-element elementor-element-c342d16\" data-id=\"c342d16\" data-element_type=\"column\">\n\t\t\t<div class=\"elementor-widget-wrap elementor-element-populated\">\n\t\t\t\t\t\t<div class=\"elementor-element elementor-element-d8dc08b elementor-widget elementor-widget-text-editor\" data-id=\"d8dc08b\" data-element_type=\"widget\" data-widget_type=\"text-editor.default\">\n\t\t\t\t<div class=\"elementor-widget-container\">\n\t\t\t\t\t\t\t<p>L&#8217;un des aspects qui rend <b>ISKAM AUTO<\/b> unique, c&#8217;est notre engagement envers la satisfaction totale de nos clients. Nous ne nous contentons pas de vous fournir des produits exceptionnels, mais nous sommes \u00e9galement fiers d&#8217;offrir un<\/p><p>service client incomparable. Notre \u00e9quipe est toujours \u00e0 votre \u00e9coute pour r\u00e9pondre \u00e0 vos besoins et vous aider \u00e0 trouver les solutions id\u00e9ales pour vos v\u00e9hicules.<\/p><p>Que vous soyez un particulier \u00e0 la recherche de votre v\u00e9hicule de r\u00eave, un professionnel automobile en qu\u00eate des meilleurs accessoires pour vos clients, ou que vous ayez des besoins sp\u00e9cifiques en mati\u00e8re d&#8217;importation,<span class=\"Apple-converted-space\">\u00a0<\/span><b> ISKAM AUTO <\/b>est l\u00e0 pour vous accompagner \u00e0 chaque \u00e9tape de votre projet pour vous proposer des v\u00e9hicules pour achat et pour location selon le besoin.<\/p><p>Nous sommes fiers de notre h\u00e9ritage familial et de l&#8217;h\u00e9ritage de qualit\u00e9 et<\/p><p>d&#8217;excellence que nous apportons \u00e0 chaque transaction. Nous sommes anim\u00e9s par une passion profonde pour l&#8217;industrie automobile et sommes d\u00e9termin\u00e9s \u00e0 contribuer \u00e0 l&#8217;essor de ce secteur en Afrique subsaharienne.<\/p><p>Merci de nous avoir rendu visite sur notre site web. Nous esp\u00e9rons que vous<\/p><p>trouverez ici tout ce dont vous avez besoin pour vos v\u00e9hicules et que vous serez inspir\u00e9 par notre histoire et notre engagement envers l&#8217;excellence. Si vous avez des questions ou des besoins particuliers, n&#8217;h\u00e9sitez pas \u00e0 nous contacter. Nous sommes l\u00e0 pour vous servir.<\/p>\t\t\t\t\t\t<\/div>\n\t\t\t\t<\/div>\n\t\t\t\t\t<\/div>\n\t\t<\/div>\n\t\t\t\t\t<\/div>\n\t\t<\/section>\n\t\t\t\t<section class=\"elementor-section elementor-top-section elementor-element elementor-element-62e59c9 elementor-section-boxed elementor-section-height-default elementor-section-height-default\" data-id=\"62e59c9\" data-element_type=\"section\">\n\t\t\t\t\t\t<div class=\"elementor-container elementor-column-gap-default\">\n\t\t\t\t\t<div class=\"elementor-column elementor-col-100 elementor-top-column elementor-element elementor-element-2f75a82\" data-id=\"2f75a82\" data-element_type=\"column\">\n\t\t\t<div class=\"elementor-widget-wrap elementor-element-populated\">\n\t\t\t\t\t\t<div class=\"elementor-element elementor-element-3a8f806 elementor-widget elementor-widget-text-editor\" data-id=\"3a8f806\" data-element_type=\"widget\" data-widget_type=\"text-editor.default\">\n\t\t\t\t<div class=\"elementor-widget-container\">\n\t\t\t\t\t\t\t<p>Bienvenue chez<span class=\"Apple-converted-space\">\u00a0<\/span><b> ISKAM AUTO <\/b>&#8211; Votre destination de confiance pour les v\u00e9hicules et les accessoires automobiles de classe mondiale.<\/p>\t\t\t\t\t\t<\/div>\n\t\t\t\t<\/div>\n\t\t\t\t\t<\/div>\n\t\t<\/div>\n\t\t\t\t\t<\/div>\n\t\t<\/section>\n\t\t\t\t<\/div>\n\t\t","protected":false},"excerpt":{"rendered":"<p>ISKAM AUTO Notre histoire commence avec deux fr\u00e8res aux horizons professionnels bien diff\u00e9rents, mais un r\u00eave commun de cr\u00e9er une entreprise exceptionnelle. L&#8217;un, fort d&#8217;une exp\u00e9rience solide dans le monde des affaires, s&#8217;est sp\u00e9cialis\u00e9 dans l&#8217;import- export, tandis que l&#8217;autre est un ing\u00e9nieur en g\u00e9nie des proc\u00e9d\u00e9s \u00e9nerg\u00e9tiques passionn\u00e9 par l&#8217;innovation. En 2022, ces deux&hellip; <a class=\"more-link\" href=\"https:\/\/iskam-auto.com\/index.php\/a-propos\/\">Continue reading <span class=\"screen-reader-text\">A propos<\/span><\/a><\/p>\n","protected":false},"author":1,"featured_media":0,"parent":0,"menu_order":0,"comment_status":"closed","ping_status":"closed","template":"","meta":{"footnotes":""},"class_list":["post-19705","page","type-page","status-publish","hentry","layout-1","product-add-to-cart-ajax"],"_links":{"self":[{"href":"https:\/\/iskam-auto.com\/index.php\/wp-json\/wp\/v2\/pages\/19705"}],"collection":[{"href":"https:\/\/iskam-auto.com\/index.php\/wp-json\/wp\/v2\/pages"}],"about":[{"href":"https:\/\/iskam-auto.com\/index.php\/wp-json\/wp\/v2\/types\/page"}],"author":[{"embeddable":true,"href":"https:\/\/iskam-auto.com\/index.php\/wp-json\/wp\/v2\/users\/1"}],"replies":[{"embeddable":true,"href":"https:\/\/iskam-auto.com\/index.php\/wp-json\/wp\/v2\/comments?post=19705"}],"version-history":[{"count":7,"href":"https:\/\/iskam-auto.com\/index.php\/wp-json\/wp\/v2\/pages\/19705\/revisions"}],"predecessor-version":[{"id":19934,"href":"https:\/\/iskam-auto.com\/index.php\/wp-json\/wp\/v2\/pages\/19705\/revisions\/19934"}],"wp:attachment":[{"href":"https:\/\/iskam-auto.com\/index.php\/wp-json\/wp\/v2\/media?parent=19705"}],"curies":[{"name":"wp","href":"https:\/\/api.w.org\/{rel}","templated":true}]}}